{"id":7,"date":"2017-11-22T22:55:40","date_gmt":"2017-11-23T01:55:40","guid":{"rendered":"https:\/\/estudiojuridicoferrari.com.ar\/?page_id=7"},"modified":"2022-10-03T14:17:01","modified_gmt":"2022-10-03T17:17:01","slug":"inicio","status":"publish","type":"page","link":"https:\/\/estudiojuridicoferrari.com.ar\/","title":{"rendered":"Inicio"},"content":{"rendered":"<p>Somos un estudio orientado a brindar las mayores facilidades a nuestros clientes en las diferentes ramas del derecho; nos encontramos al servicio en todo momento del d\u00eda.<\/p>\n<p>Creemos con certeza que el acompa\u00f1amiento de nuestros clientes es el camino hacia una soluci\u00f3n eficaz\u00a0 de sus problem\u00e1ticas judiciales. Adem\u00e1s contamos con permanente actualizaci\u00f3n de la legislaci\u00f3n vigente y estudios para poder brindar un servicio con total calidad.<\/p>\n","protected":false},"excerpt":{"rendered":"<p>Somos un estudio orientado a brindar las mayores facilidades a nuestros clientes en las diferentes ramas del derecho; nos encontramos al servicio en todo momento del d\u00eda. Creemos con certeza que el acompa\u00f1amiento de nuestros clientes es el camino hacia una soluci\u00f3n eficaz\u00a0 de sus problem\u00e1ticas judiciales. Adem\u00e1s contamos con permanente actualizaci\u00f3n de la legislaci\u00f3n &hellip; <\/p>\n<p class=\"link-more\"><a href=\"https:\/\/estudiojuridicoferrari.com.ar\/\" class=\"more-link\">Continuar leyendo<span class=\"screen-reader-text\"> \u00abInicio\u00bb<\/span><\/a><\/p>\n","protected":false},"author":1,"featured_media":0,"parent":0,"menu_order":0,"comment_status":"closed","ping_status":"closed","template":"","meta":{"footnotes":""},"_links":{"self":[{"href":"https:\/\/estudiojuridicoferrari.com.ar\/index.php?rest_route=\/wp\/v2\/pages\/7"}],"collection":[{"href":"https:\/\/estudiojuridicoferrari.com.ar\/index.php?rest_route=\/wp\/v2\/pages"}],"about":[{"href":"https:\/\/estudiojuridicoferrari.com.ar\/index.php?rest_route=\/wp\/v2\/types\/page"}],"author":[{"embeddable":true,"href":"https:\/\/estudiojuridicoferrari.com.ar\/index.php?rest_route=\/wp\/v2\/users\/1"}],"replies":[{"embeddable":true,"href":"https:\/\/estudiojuridicoferrari.com.ar\/index.php?rest_route=%2Fwp%2Fv2%2Fcomments&post=7"}],"version-history":[{"count":2,"href":"https:\/\/estudiojuridicoferrari.com.ar\/index.php?rest_route=\/wp\/v2\/pages\/7\/revisions"}],"predecessor-version":[{"id":35,"href":"https:\/\/estudiojuridicoferrari.com.ar\/index.php?rest_route=\/wp\/v2\/pages\/7\/revisions\/35"}],"wp:attachment":[{"href":"https:\/\/estudiojuridicoferrari.com.ar\/index.php?rest_route=%2Fwp%2Fv2%2Fmedia&parent=7"}],"curies":[{"name":"wp","href":"https:\/\/api.w.org\/{rel}","templated":true}]}}