{"id":8,"date":"2017-11-22T22:55:40","date_gmt":"2017-11-22T22:55:40","guid":{"rendered":"https:\/\/estudiojuridicoferrari.com.ar\/?page_id=8"},"modified":"2022-10-03T14:07:58","modified_gmt":"2022-10-03T17:07:58","slug":"areas-de-practica","status":"publish","type":"page","link":"https:\/\/estudiojuridicoferrari.com.ar\/?page_id=8","title":{"rendered":"Areas de Pr\u00e1ctica"},"content":{"rendered":"<p>Brindamos asesoramiento en todas las disciplinas del derecho.<\/p>\n<p><strong>MALA PR\u00c1XIS M\u00c9DICA<\/strong><\/p>\n<p>Tenes 3 a\u00f1os para realizar tu reclamo desde el incidente, contra las aseguradoras que poseen los prestadores de salud a los fines de poder reclamar tu indemnizaci\u00f3n. Es de suma importancia que cuentes con tu historia cl\u00ednica al momento de realizar tu consulta.<\/p>\n<p><strong>ACCIDENTES LABORALES<\/strong><\/p>\n<p>Tenes 3 a\u00f1os para realizar tu reclamo desde el accidente contra la ART. Te asistimos desde las audiencias dentro de la SRT hasta la etapa judicial, logrando el cobro de tu indemnizaci\u00f3n. Es de suma importancia que cuentes con el alta m\u00e9dica para poder iniciar tu reclamo.<\/p>\n<p><strong>DESPIDOS<\/strong><\/p>\n<p>Tenes 2 a\u00f1os para reclamar tu indemnizaci\u00f3n laboral desde la fecha de Despido. O bien si a\u00fan no encontras trabajando podes realizar tu reclamo para que regularicen tu situaci\u00f3n laboral.<\/p>\n","protected":false},"excerpt":{"rendered":"<p>Brindamos asesoramiento en todas las disciplinas del derecho. MALA PR\u00c1XIS M\u00c9DICA Tenes 3 a\u00f1os para realizar tu reclamo desde el incidente, contra las aseguradoras que poseen los prestadores de salud a los fines de poder reclamar tu indemnizaci\u00f3n. Es de suma importancia que cuentes con tu historia cl\u00ednica al momento de realizar tu consulta. ACCIDENTES &hellip; <\/p>\n<p class=\"link-more\"><a href=\"https:\/\/estudiojuridicoferrari.com.ar\/?page_id=8\" class=\"more-link\">Continuar leyendo<span class=\"screen-reader-text\"> \u00abAreas de Pr\u00e1ctica\u00bb<\/span><\/a><\/p>\n","protected":false},"author":1,"featured_media":32,"parent":0,"menu_order":0,"comment_status":"closed","ping_status":"closed","template":"","meta":{"footnotes":""},"_links":{"self":[{"href":"https:\/\/estudiojuridicoferrari.com.ar\/index.php?rest_route=\/wp\/v2\/pages\/8"}],"collection":[{"href":"https:\/\/estudiojuridicoferrari.com.ar\/index.php?rest_route=\/wp\/v2\/pages"}],"about":[{"href":"https:\/\/estudiojuridicoferrari.com.ar\/index.php?rest_route=\/wp\/v2\/types\/page"}],"author":[{"embeddable":true,"href":"https:\/\/estudiojuridicoferrari.com.ar\/index.php?rest_route=\/wp\/v2\/users\/1"}],"replies":[{"embeddable":true,"href":"https:\/\/estudiojuridicoferrari.com.ar\/index.php?rest_route=%2Fwp%2Fv2%2Fcomments&post=8"}],"version-history":[{"count":6,"href":"https:\/\/estudiojuridicoferrari.com.ar\/index.php?rest_route=\/wp\/v2\/pages\/8\/revisions"}],"predecessor-version":[{"id":98,"href":"https:\/\/estudiojuridicoferrari.com.ar\/index.php?rest_route=\/wp\/v2\/pages\/8\/revisions\/98"}],"wp:featuredmedia":[{"embeddable":true,"href":"https:\/\/estudiojuridicoferrari.com.ar\/index.php?rest_route=\/wp\/v2\/media\/32"}],"wp:attachment":[{"href":"https:\/\/estudiojuridicoferrari.com.ar\/index.php?rest_route=%2Fwp%2Fv2%2Fmedia&parent=8"}],"curies":[{"name":"wp","href":"https:\/\/api.w.org\/{rel}","templated":true}]}}